{"id":433,"date":"2023-10-06T08:27:47","date_gmt":"2023-10-06T08:27:47","guid":{"rendered":"https:\/\/feelfreerentals.com\/?page_id=433"},"modified":"2025-10-13T10:13:45","modified_gmt":"2025-10-13T10:13:45","slug":"politica-de-privacidad","status":"publish","type":"page","link":"https:\/\/feelfreerentals.com\/es\/politica-de-privacidad\/","title":{"rendered":"Pol\u00edtica de privacidad"},"content":{"rendered":"","protected":false},"excerpt":{"rendered":"","protected":false},"author":7,"featured_media":0,"parent":0,"menu_order":0,"comment_status":"closed","ping_status":"closed","template":"","meta":{"_acf_changed":false,"footnotes":""},"class_list":["post-433","page","type-page","status-publish","hentry"],"acf":[],"yoast_head":"<!-- This site is optimized with the Yoast SEO plugin v27.4 - https:\/\/yoast.com\/product\/yoast-seo-wordpress\/ -->\n<title>Pol\u00edtica de privacidad | FeelFree RENTALS | San Sebasti\u00e1n y Baqueira<\/title>\n<meta name=\"description\" content=\"Consulta la pol\u00edtica de privacidad e informaci\u00f3n sobre protecci\u00f3n de datos personales del sitio web y redes sociales de FeelFree Rentals.\" \/>\n<meta name=\"robots\" content=\"index, follow, max-snippet:-1, max-image-preview:large, max-video-preview:-1\" \/>\n<link rel=\"canonical\" href=\"https:\/\/feelfreerentals.com\/es\/politica-de-privacidad\/\" \/>\n<meta property=\"og:locale\" content=\"es_ES\" \/>\n<meta property=\"og:type\" content=\"article\" \/>\n<meta property=\"og:title\" content=\"Pol\u00edtica de privacidad | FeelFree RENTALS | San Sebasti\u00e1n y Baqueira\" \/>\n<meta property=\"og:description\" content=\"Consulta la pol\u00edtica de privacidad e informaci\u00f3n sobre protecci\u00f3n de datos personales del sitio web y redes sociales de FeelFree Rentals.\" \/>\n<meta property=\"og:url\" content=\"https:\/\/feelfreerentals.com\/es\/politica-de-privacidad\/\" \/>\n<meta property=\"og:site_name\" content=\"FeelFree\" \/>\n<meta property=\"article:modified_time\" content=\"2025-10-13T10:13:45+00:00\" \/>\n<meta name=\"twitter:card\" content=\"summary_large_image\" \/>\n<script type=\"application\/ld+json\" class=\"yoast-schema-graph\">{\"@context\":\"https:\\\/\\\/schema.org\",\"@graph\":[{\"@type\":\"WebPage\",\"@id\":\"https:\\\/\\\/feelfreerentals.com\\\/es\\\/politica-de-privacidad\\\/\",\"url\":\"https:\\\/\\\/feelfreerentals.com\\\/es\\\/politica-de-privacidad\\\/\",\"name\":\"Pol\u00edtica de privacidad | FeelFree RENTALS | San Sebasti\u00e1n y Baqueira\",\"isPartOf\":{\"@id\":\"https:\\\/\\\/feelfreerentals.com\\\/es\\\/#website\"},\"datePublished\":\"2023-10-06T08:27:47+00:00\",\"dateModified\":\"2025-10-13T10:13:45+00:00\",\"description\":\"Consulta la pol\u00edtica de privacidad e informaci\u00f3n sobre protecci\u00f3n de datos personales del sitio web y redes sociales de FeelFree Rentals.\",\"breadcrumb\":{\"@id\":\"https:\\\/\\\/feelfreerentals.com\\\/es\\\/politica-de-privacidad\\\/#breadcrumb\"},\"inLanguage\":\"es\",\"potentialAction\":[{\"@type\":\"ReadAction\",\"target\":[\"https:\\\/\\\/feelfreerentals.com\\\/es\\\/politica-de-privacidad\\\/\"]}]},{\"@type\":\"BreadcrumbList\",\"@id\":\"https:\\\/\\\/feelfreerentals.com\\\/es\\\/politica-de-privacidad\\\/#breadcrumb\",\"itemListElement\":[{\"@type\":\"ListItem\",\"position\":1,\"name\":\"Portada\",\"item\":\"https:\\\/\\\/feelfreerentals.com\\\/es\\\/\"},{\"@type\":\"ListItem\",\"position\":2,\"name\":\"Pol\u00edtica de privacidad\"}]},{\"@type\":\"WebSite\",\"@id\":\"https:\\\/\\\/feelfreerentals.com\\\/es\\\/#website\",\"url\":\"https:\\\/\\\/feelfreerentals.com\\\/es\\\/\",\"name\":\"FeelFree\",\"description\":\"\",\"potentialAction\":[{\"@type\":\"SearchAction\",\"target\":{\"@type\":\"EntryPoint\",\"urlTemplate\":\"https:\\\/\\\/feelfreerentals.com\\\/es\\\/?s={search_term_string}\"},\"query-input\":{\"@type\":\"PropertyValueSpecification\",\"valueRequired\":true,\"valueName\":\"search_term_string\"}}],\"inLanguage\":\"es\"}]}<\/script>\n<!-- \/ Yoast SEO plugin. -->","yoast_head_json":{"title":"Pol\u00edtica de privacidad | FeelFree RENTALS | San Sebasti\u00e1n y Baqueira","description":"Consulta la pol\u00edtica de privacidad e informaci\u00f3n sobre protecci\u00f3n de datos personales del sitio web y redes sociales de FeelFree Rentals.","robots":{"index":"index","follow":"follow","max-snippet":"max-snippet:-1","max-image-preview":"max-image-preview:large","max-video-preview":"max-video-preview:-1"},"canonical":"https:\/\/feelfreerentals.com\/es\/politica-de-privacidad\/","og_locale":"es_ES","og_type":"article","og_title":"Pol\u00edtica de privacidad | FeelFree RENTALS | San Sebasti\u00e1n y Baqueira","og_description":"Consulta la pol\u00edtica de privacidad e informaci\u00f3n sobre protecci\u00f3n de datos personales del sitio web y redes sociales de FeelFree Rentals.","og_url":"https:\/\/feelfreerentals.com\/es\/politica-de-privacidad\/","og_site_name":"FeelFree","article_modified_time":"2025-10-13T10:13:45+00:00","twitter_card":"summary_large_image","schema":{"@context":"https:\/\/schema.org","@graph":[{"@type":"WebPage","@id":"https:\/\/feelfreerentals.com\/es\/politica-de-privacidad\/","url":"https:\/\/feelfreerentals.com\/es\/politica-de-privacidad\/","name":"Pol\u00edtica de privacidad | FeelFree RENTALS | San Sebasti\u00e1n y Baqueira","isPartOf":{"@id":"https:\/\/feelfreerentals.com\/es\/#website"},"datePublished":"2023-10-06T08:27:47+00:00","dateModified":"2025-10-13T10:13:45+00:00","description":"Consulta la pol\u00edtica de privacidad e informaci\u00f3n sobre protecci\u00f3n de datos personales del sitio web y redes sociales de FeelFree Rentals.","breadcrumb":{"@id":"https:\/\/feelfreerentals.com\/es\/politica-de-privacidad\/#breadcrumb"},"inLanguage":"es","potentialAction":[{"@type":"ReadAction","target":["https:\/\/feelfreerentals.com\/es\/politica-de-privacidad\/"]}]},{"@type":"BreadcrumbList","@id":"https:\/\/feelfreerentals.com\/es\/politica-de-privacidad\/#breadcrumb","itemListElement":[{"@type":"ListItem","position":1,"name":"Portada","item":"https:\/\/feelfreerentals.com\/es\/"},{"@type":"ListItem","position":2,"name":"Pol\u00edtica de privacidad"}]},{"@type":"WebSite","@id":"https:\/\/feelfreerentals.com\/es\/#website","url":"https:\/\/feelfreerentals.com\/es\/","name":"FeelFree","description":"","potentialAction":[{"@type":"SearchAction","target":{"@type":"EntryPoint","urlTemplate":"https:\/\/feelfreerentals.com\/es\/?s={search_term_string}"},"query-input":{"@type":"PropertyValueSpecification","valueRequired":true,"valueName":"search_term_string"}}],"inLanguage":"es"}]}},"_links":{"self":[{"href":"https:\/\/feelfreerentals.com\/es\/wp-json\/wp\/v2\/pages\/433","targetHints":{"allow":["GET"]}}],"collection":[{"href":"https:\/\/feelfreerentals.com\/es\/wp-json\/wp\/v2\/pages"}],"about":[{"href":"https:\/\/feelfreerentals.com\/es\/wp-json\/wp\/v2\/types\/page"}],"author":[{"embeddable":true,"href":"https:\/\/feelfreerentals.com\/es\/wp-json\/wp\/v2\/users\/7"}],"replies":[{"embeddable":true,"href":"https:\/\/feelfreerentals.com\/es\/wp-json\/wp\/v2\/comments?post=433"}],"version-history":[{"count":8,"href":"https:\/\/feelfreerentals.com\/es\/wp-json\/wp\/v2\/pages\/433\/revisions"}],"predecessor-version":[{"id":8184,"href":"https:\/\/feelfreerentals.com\/es\/wp-json\/wp\/v2\/pages\/433\/revisions\/8184"}],"wp:attachment":[{"href":"https:\/\/feelfreerentals.com\/es\/wp-json\/wp\/v2\/media?parent=433"}],"curies":[{"name":"wp","href":"https:\/\/api.w.org\/{rel}","templated":true}]}}