{"id":529,"date":"2023-10-09T10:19:39","date_gmt":"2023-10-09T10:19:39","guid":{"rendered":"https:\/\/feelfreerentals.com\/?page_id=529"},"modified":"2025-04-15T11:03:26","modified_gmt":"2025-04-15T11:03:26","slug":"sobre-nosotros","status":"publish","type":"page","link":"https:\/\/feelfreerentals.com\/es\/sobre-nosotros\/","title":{"rendered":"Nosotros"},"content":{"rendered":"","protected":false},"excerpt":{"rendered":"","protected":false},"author":7,"featured_media":0,"parent":0,"menu_order":0,"comment_status":"closed","ping_status":"closed","template":"","meta":{"_acf_changed":false,"footnotes":""},"class_list":["post-529","page","type-page","status-publish","hentry"],"acf":[],"yoast_head":"<!-- This site is optimized with the Yoast SEO plugin v27.2 - https:\/\/yoast.com\/product\/yoast-seo-wordpress\/ -->\n<title>Nosotros | FeelFree<\/title>\n<meta name=\"description\" content=\"Descubre m\u00e1s sobre FeelFree, agencia de confianza con 20 a\u00f1os de experiencia gestionando alquileres vacacionales en San Sebasti\u00e1n y Baqueira.\" \/>\n<meta name=\"robots\" content=\"index, follow, max-snippet:-1, max-image-preview:large, max-video-preview:-1\" \/>\n<link rel=\"canonical\" href=\"https:\/\/feelfreerentals.com\/es\/sobre-nosotros\/\" \/>\n<meta property=\"og:locale\" content=\"es_ES\" \/>\n<meta property=\"og:type\" content=\"article\" \/>\n<meta property=\"og:title\" content=\"Nosotros | FeelFree\" \/>\n<meta property=\"og:description\" content=\"Descubre m\u00e1s sobre FeelFree, agencia de confianza con 20 a\u00f1os de experiencia gestionando alquileres vacacionales en San Sebasti\u00e1n y Baqueira.\" \/>\n<meta property=\"og:url\" content=\"https:\/\/feelfreerentals.com\/es\/sobre-nosotros\/\" \/>\n<meta property=\"og:site_name\" content=\"FeelFree\" \/>\n<meta property=\"article:modified_time\" content=\"2025-04-15T11:03:26+00:00\" \/>\n<meta name=\"twitter:card\" content=\"summary_large_image\" \/>\n<script type=\"application\/ld+json\" class=\"yoast-schema-graph\">{\"@context\":\"https:\/\/schema.org\",\"@graph\":[{\"@type\":\"WebPage\",\"@id\":\"https:\/\/feelfreerentals.com\/es\/sobre-nosotros\/\",\"url\":\"https:\/\/feelfreerentals.com\/es\/sobre-nosotros\/\",\"name\":\"Nosotros | FeelFree\",\"isPartOf\":{\"@id\":\"https:\/\/feelfreerentals.com\/es\/#website\"},\"datePublished\":\"2023-10-09T10:19:39+00:00\",\"dateModified\":\"2025-04-15T11:03:26+00:00\",\"description\":\"Descubre m\u00e1s sobre FeelFree, agencia de confianza con 20 a\u00f1os de experiencia gestionando alquileres vacacionales en San Sebasti\u00e1n y Baqueira.\",\"breadcrumb\":{\"@id\":\"https:\/\/feelfreerentals.com\/es\/sobre-nosotros\/#breadcrumb\"},\"inLanguage\":\"es\",\"potentialAction\":[{\"@type\":\"ReadAction\",\"target\":[\"https:\/\/feelfreerentals.com\/es\/sobre-nosotros\/\"]}]},{\"@type\":\"BreadcrumbList\",\"@id\":\"https:\/\/feelfreerentals.com\/es\/sobre-nosotros\/#breadcrumb\",\"itemListElement\":[{\"@type\":\"ListItem\",\"position\":1,\"name\":\"Portada\",\"item\":\"https:\/\/feelfreerentals.com\/es\/\"},{\"@type\":\"ListItem\",\"position\":2,\"name\":\"Nosotros\"}]},{\"@type\":\"WebSite\",\"@id\":\"https:\/\/feelfreerentals.com\/es\/#website\",\"url\":\"https:\/\/feelfreerentals.com\/es\/\",\"name\":\"FeelFree\",\"description\":\"\",\"potentialAction\":[{\"@type\":\"SearchAction\",\"target\":{\"@type\":\"EntryPoint\",\"urlTemplate\":\"https:\/\/feelfreerentals.com\/es\/?s={search_term_string}\"},\"query-input\":{\"@type\":\"PropertyValueSpecification\",\"valueRequired\":true,\"valueName\":\"search_term_string\"}}],\"inLanguage\":\"es\"}]}<\/script>\n<!-- \/ Yoast SEO plugin. -->","yoast_head_json":{"title":"Nosotros | FeelFree","description":"Descubre m\u00e1s sobre FeelFree, agencia de confianza con 20 a\u00f1os de experiencia gestionando alquileres vacacionales en San Sebasti\u00e1n y Baqueira.","robots":{"index":"index","follow":"follow","max-snippet":"max-snippet:-1","max-image-preview":"max-image-preview:large","max-video-preview":"max-video-preview:-1"},"canonical":"https:\/\/feelfreerentals.com\/es\/sobre-nosotros\/","og_locale":"es_ES","og_type":"article","og_title":"Nosotros | FeelFree","og_description":"Descubre m\u00e1s sobre FeelFree, agencia de confianza con 20 a\u00f1os de experiencia gestionando alquileres vacacionales en San Sebasti\u00e1n y Baqueira.","og_url":"https:\/\/feelfreerentals.com\/es\/sobre-nosotros\/","og_site_name":"FeelFree","article_modified_time":"2025-04-15T11:03:26+00:00","twitter_card":"summary_large_image","schema":{"@context":"https:\/\/schema.org","@graph":[{"@type":"WebPage","@id":"https:\/\/feelfreerentals.com\/es\/sobre-nosotros\/","url":"https:\/\/feelfreerentals.com\/es\/sobre-nosotros\/","name":"Nosotros | FeelFree","isPartOf":{"@id":"https:\/\/feelfreerentals.com\/es\/#website"},"datePublished":"2023-10-09T10:19:39+00:00","dateModified":"2025-04-15T11:03:26+00:00","description":"Descubre m\u00e1s sobre FeelFree, agencia de confianza con 20 a\u00f1os de experiencia gestionando alquileres vacacionales en San Sebasti\u00e1n y Baqueira.","breadcrumb":{"@id":"https:\/\/feelfreerentals.com\/es\/sobre-nosotros\/#breadcrumb"},"inLanguage":"es","potentialAction":[{"@type":"ReadAction","target":["https:\/\/feelfreerentals.com\/es\/sobre-nosotros\/"]}]},{"@type":"BreadcrumbList","@id":"https:\/\/feelfreerentals.com\/es\/sobre-nosotros\/#breadcrumb","itemListElement":[{"@type":"ListItem","position":1,"name":"Portada","item":"https:\/\/feelfreerentals.com\/es\/"},{"@type":"ListItem","position":2,"name":"Nosotros"}]},{"@type":"WebSite","@id":"https:\/\/feelfreerentals.com\/es\/#website","url":"https:\/\/feelfreerentals.com\/es\/","name":"FeelFree","description":"","potentialAction":[{"@type":"SearchAction","target":{"@type":"EntryPoint","urlTemplate":"https:\/\/feelfreerentals.com\/es\/?s={search_term_string}"},"query-input":{"@type":"PropertyValueSpecification","valueRequired":true,"valueName":"search_term_string"}}],"inLanguage":"es"}]}},"_links":{"self":[{"href":"https:\/\/feelfreerentals.com\/es\/wp-json\/wp\/v2\/pages\/529","targetHints":{"allow":["GET"]}}],"collection":[{"href":"https:\/\/feelfreerentals.com\/es\/wp-json\/wp\/v2\/pages"}],"about":[{"href":"https:\/\/feelfreerentals.com\/es\/wp-json\/wp\/v2\/types\/page"}],"author":[{"embeddable":true,"href":"https:\/\/feelfreerentals.com\/es\/wp-json\/wp\/v2\/users\/7"}],"replies":[{"embeddable":true,"href":"https:\/\/feelfreerentals.com\/es\/wp-json\/wp\/v2\/comments?post=529"}],"version-history":[{"count":8,"href":"https:\/\/feelfreerentals.com\/es\/wp-json\/wp\/v2\/pages\/529\/revisions"}],"predecessor-version":[{"id":3260,"href":"https:\/\/feelfreerentals.com\/es\/wp-json\/wp\/v2\/pages\/529\/revisions\/3260"}],"wp:attachment":[{"href":"https:\/\/feelfreerentals.com\/es\/wp-json\/wp\/v2\/media?parent=529"}],"curies":[{"name":"wp","href":"https:\/\/api.w.org\/{rel}","templated":true}]}}