{"id":873,"date":"2023-10-06T08:19:40","date_gmt":"2023-10-06T08:19:40","guid":{"rendered":"https:\/\/feelfreerentals.com\/politica-de-cookies\/"},"modified":"2025-04-15T11:22:40","modified_gmt":"2025-04-15T11:22:40","slug":"politique-de-cookies","status":"publish","type":"page","link":"https:\/\/feelfreerentals.com\/fr\/politique-de-cookies\/","title":{"rendered":"Politique de cookies"},"content":{"rendered":"","protected":false},"excerpt":{"rendered":"","protected":false},"author":7,"featured_media":0,"parent":0,"menu_order":0,"comment_status":"closed","ping_status":"closed","template":"","meta":{"_acf_changed":false,"footnotes":""},"class_list":["post-873","page","type-page","status-publish","hentry"],"acf":[],"yoast_head":"<!-- This site is optimized with the Yoast SEO plugin v27.2 - https:\/\/yoast.com\/product\/yoast-seo-wordpress\/ -->\n<title>Politique de cookies | FeelFree RENTALS | San Sebasti\u00e1n et Baqueira<\/title>\n<meta name=\"description\" content=\"FeelFree RENTALS utilise des cookies pour am\u00e9liorer votre exp\u00e9rience de navigation, analyser le trafic du site et personnaliser le contenu.\" \/>\n<meta name=\"robots\" content=\"index, follow, max-snippet:-1, max-image-preview:large, max-video-preview:-1\" \/>\n<link rel=\"canonical\" href=\"https:\/\/feelfreerentals.com\/fr\/politique-de-cookies\/\" \/>\n<meta property=\"og:locale\" content=\"fr_FR\" \/>\n<meta property=\"og:type\" content=\"article\" \/>\n<meta property=\"og:title\" content=\"Politique de cookies | FeelFree RENTALS | San Sebasti\u00e1n et Baqueira\" \/>\n<meta property=\"og:description\" content=\"FeelFree RENTALS utilise des cookies pour am\u00e9liorer votre exp\u00e9rience de navigation, analyser le trafic du site et personnaliser le contenu.\" \/>\n<meta property=\"og:url\" content=\"https:\/\/feelfreerentals.com\/fr\/politique-de-cookies\/\" \/>\n<meta property=\"og:site_name\" content=\"FeelFree\" \/>\n<meta property=\"article:modified_time\" content=\"2025-04-15T11:22:40+00:00\" \/>\n<meta name=\"twitter:card\" content=\"summary_large_image\" \/>\n<script type=\"application\/ld+json\" class=\"yoast-schema-graph\">{\"@context\":\"https:\/\/schema.org\",\"@graph\":[{\"@type\":\"WebPage\",\"@id\":\"https:\/\/feelfreerentals.com\/fr\/politique-de-cookies\/\",\"url\":\"https:\/\/feelfreerentals.com\/fr\/politique-de-cookies\/\",\"name\":\"Politique de cookies | FeelFree RENTALS | San Sebasti\u00e1n et Baqueira\",\"isPartOf\":{\"@id\":\"https:\/\/feelfreerentals.com\/fr\/#website\"},\"datePublished\":\"2023-10-06T08:19:40+00:00\",\"dateModified\":\"2025-04-15T11:22:40+00:00\",\"description\":\"FeelFree RENTALS utilise des cookies pour am\u00e9liorer votre exp\u00e9rience de navigation, analyser le trafic du site et personnaliser le contenu.\",\"breadcrumb\":{\"@id\":\"https:\/\/feelfreerentals.com\/fr\/politique-de-cookies\/#breadcrumb\"},\"inLanguage\":\"fr-FR\",\"potentialAction\":[{\"@type\":\"ReadAction\",\"target\":[\"https:\/\/feelfreerentals.com\/fr\/politique-de-cookies\/\"]}]},{\"@type\":\"BreadcrumbList\",\"@id\":\"https:\/\/feelfreerentals.com\/fr\/politique-de-cookies\/#breadcrumb\",\"itemListElement\":[{\"@type\":\"ListItem\",\"position\":1,\"name\":\"Portada\",\"item\":\"https:\/\/feelfreerentals.com\/fr\/\"},{\"@type\":\"ListItem\",\"position\":2,\"name\":\"Politique de cookies\"}]},{\"@type\":\"WebSite\",\"@id\":\"https:\/\/feelfreerentals.com\/fr\/#website\",\"url\":\"https:\/\/feelfreerentals.com\/fr\/\",\"name\":\"FeelFree\",\"description\":\"\",\"potentialAction\":[{\"@type\":\"SearchAction\",\"target\":{\"@type\":\"EntryPoint\",\"urlTemplate\":\"https:\/\/feelfreerentals.com\/fr\/?s={search_term_string}\"},\"query-input\":{\"@type\":\"PropertyValueSpecification\",\"valueRequired\":true,\"valueName\":\"search_term_string\"}}],\"inLanguage\":\"fr-FR\"}]}<\/script>\n<!-- \/ Yoast SEO plugin. -->","yoast_head_json":{"title":"Politique de cookies | FeelFree RENTALS | San Sebasti\u00e1n et Baqueira","description":"FeelFree RENTALS utilise des cookies pour am\u00e9liorer votre exp\u00e9rience de navigation, analyser le trafic du site et personnaliser le contenu.","robots":{"index":"index","follow":"follow","max-snippet":"max-snippet:-1","max-image-preview":"max-image-preview:large","max-video-preview":"max-video-preview:-1"},"canonical":"https:\/\/feelfreerentals.com\/fr\/politique-de-cookies\/","og_locale":"fr_FR","og_type":"article","og_title":"Politique de cookies | FeelFree RENTALS | San Sebasti\u00e1n et Baqueira","og_description":"FeelFree RENTALS utilise des cookies pour am\u00e9liorer votre exp\u00e9rience de navigation, analyser le trafic du site et personnaliser le contenu.","og_url":"https:\/\/feelfreerentals.com\/fr\/politique-de-cookies\/","og_site_name":"FeelFree","article_modified_time":"2025-04-15T11:22:40+00:00","twitter_card":"summary_large_image","schema":{"@context":"https:\/\/schema.org","@graph":[{"@type":"WebPage","@id":"https:\/\/feelfreerentals.com\/fr\/politique-de-cookies\/","url":"https:\/\/feelfreerentals.com\/fr\/politique-de-cookies\/","name":"Politique de cookies | FeelFree RENTALS | San Sebasti\u00e1n et Baqueira","isPartOf":{"@id":"https:\/\/feelfreerentals.com\/fr\/#website"},"datePublished":"2023-10-06T08:19:40+00:00","dateModified":"2025-04-15T11:22:40+00:00","description":"FeelFree RENTALS utilise des cookies pour am\u00e9liorer votre exp\u00e9rience de navigation, analyser le trafic du site et personnaliser le contenu.","breadcrumb":{"@id":"https:\/\/feelfreerentals.com\/fr\/politique-de-cookies\/#breadcrumb"},"inLanguage":"fr-FR","potentialAction":[{"@type":"ReadAction","target":["https:\/\/feelfreerentals.com\/fr\/politique-de-cookies\/"]}]},{"@type":"BreadcrumbList","@id":"https:\/\/feelfreerentals.com\/fr\/politique-de-cookies\/#breadcrumb","itemListElement":[{"@type":"ListItem","position":1,"name":"Portada","item":"https:\/\/feelfreerentals.com\/fr\/"},{"@type":"ListItem","position":2,"name":"Politique de cookies"}]},{"@type":"WebSite","@id":"https:\/\/feelfreerentals.com\/fr\/#website","url":"https:\/\/feelfreerentals.com\/fr\/","name":"FeelFree","description":"","potentialAction":[{"@type":"SearchAction","target":{"@type":"EntryPoint","urlTemplate":"https:\/\/feelfreerentals.com\/fr\/?s={search_term_string}"},"query-input":{"@type":"PropertyValueSpecification","valueRequired":true,"valueName":"search_term_string"}}],"inLanguage":"fr-FR"}]}},"_links":{"self":[{"href":"https:\/\/feelfreerentals.com\/fr\/wp-json\/wp\/v2\/pages\/873","targetHints":{"allow":["GET"]}}],"collection":[{"href":"https:\/\/feelfreerentals.com\/fr\/wp-json\/wp\/v2\/pages"}],"about":[{"href":"https:\/\/feelfreerentals.com\/fr\/wp-json\/wp\/v2\/types\/page"}],"author":[{"embeddable":true,"href":"https:\/\/feelfreerentals.com\/fr\/wp-json\/wp\/v2\/users\/7"}],"replies":[{"embeddable":true,"href":"https:\/\/feelfreerentals.com\/fr\/wp-json\/wp\/v2\/comments?post=873"}],"version-history":[{"count":8,"href":"https:\/\/feelfreerentals.com\/fr\/wp-json\/wp\/v2\/pages\/873\/revisions"}],"predecessor-version":[{"id":2580,"href":"https:\/\/feelfreerentals.com\/fr\/wp-json\/wp\/v2\/pages\/873\/revisions\/2580"}],"wp:attachment":[{"href":"https:\/\/feelfreerentals.com\/fr\/wp-json\/wp\/v2\/media?parent=873"}],"curies":[{"name":"wp","href":"https:\/\/api.w.org\/{rel}","templated":true}]}}