{"id":918,"date":"2023-09-19T15:11:07","date_gmt":"2023-09-19T15:11:07","guid":{"rendered":"https:\/\/feelfreerentals.com\/become-a-host\/"},"modified":"2025-04-15T11:46:55","modified_gmt":"2025-04-15T11:46:55","slug":"devenez-proprietaire","status":"publish","type":"page","link":"https:\/\/feelfreerentals.com\/fr\/devenez-proprietaire\/","title":{"rendered":"Devenez propri\u00e9taire"},"content":{"rendered":"","protected":false},"excerpt":{"rendered":"","protected":false},"author":2,"featured_media":0,"parent":0,"menu_order":0,"comment_status":"closed","ping_status":"closed","template":"","meta":{"_acf_changed":false,"footnotes":""},"class_list":["post-918","page","type-page","status-publish","hentry"],"acf":[],"yoast_head":"<!-- This site is optimized with the Yoast SEO plugin v27.2 - https:\/\/yoast.com\/product\/yoast-seo-wordpress\/ -->\n<title>Devenez propri\u00e9taire | FeelFree<\/title>\n<meta name=\"description\" content=\"Devenez propri\u00e9taire chez FeelFree, l&#039;op\u00e9rateur avec une longue exp\u00e9rience dans la gestion de locations de vacances et saisonni\u00e8res.\" \/>\n<meta name=\"robots\" content=\"index, follow, max-snippet:-1, max-image-preview:large, max-video-preview:-1\" \/>\n<link rel=\"canonical\" href=\"https:\/\/feelfreerentals.com\/fr\/devenez-proprietaire\/\" \/>\n<meta property=\"og:locale\" content=\"fr_FR\" \/>\n<meta property=\"og:type\" content=\"article\" \/>\n<meta property=\"og:title\" content=\"Devenez propri\u00e9taire | FeelFree\" \/>\n<meta property=\"og:description\" content=\"Devenez propri\u00e9taire chez FeelFree, l&#039;op\u00e9rateur avec une longue exp\u00e9rience dans la gestion de locations de vacances et saisonni\u00e8res.\" \/>\n<meta property=\"og:url\" content=\"https:\/\/feelfreerentals.com\/fr\/devenez-proprietaire\/\" \/>\n<meta property=\"og:site_name\" content=\"FeelFree\" \/>\n<meta property=\"article:modified_time\" content=\"2025-04-15T11:46:55+00:00\" \/>\n<meta name=\"twitter:card\" content=\"summary_large_image\" \/>\n<script type=\"application\/ld+json\" class=\"yoast-schema-graph\">{\"@context\":\"https:\/\/schema.org\",\"@graph\":[{\"@type\":\"WebPage\",\"@id\":\"https:\/\/feelfreerentals.com\/fr\/devenez-proprietaire\/\",\"url\":\"https:\/\/feelfreerentals.com\/fr\/devenez-proprietaire\/\",\"name\":\"Devenez propri\u00e9taire | FeelFree\",\"isPartOf\":{\"@id\":\"https:\/\/feelfreerentals.com\/fr\/#website\"},\"datePublished\":\"2023-09-19T15:11:07+00:00\",\"dateModified\":\"2025-04-15T11:46:55+00:00\",\"description\":\"Devenez propri\u00e9taire chez FeelFree, l'op\u00e9rateur avec une longue exp\u00e9rience dans la gestion de locations de vacances et saisonni\u00e8res.\",\"breadcrumb\":{\"@id\":\"https:\/\/feelfreerentals.com\/fr\/devenez-proprietaire\/#breadcrumb\"},\"inLanguage\":\"fr-FR\",\"potentialAction\":[{\"@type\":\"ReadAction\",\"target\":[\"https:\/\/feelfreerentals.com\/fr\/devenez-proprietaire\/\"]}]},{\"@type\":\"BreadcrumbList\",\"@id\":\"https:\/\/feelfreerentals.com\/fr\/devenez-proprietaire\/#breadcrumb\",\"itemListElement\":[{\"@type\":\"ListItem\",\"position\":1,\"name\":\"Portada\",\"item\":\"https:\/\/feelfreerentals.com\/fr\/\"},{\"@type\":\"ListItem\",\"position\":2,\"name\":\"Devenez propri\u00e9taire\"}]},{\"@type\":\"WebSite\",\"@id\":\"https:\/\/feelfreerentals.com\/fr\/#website\",\"url\":\"https:\/\/feelfreerentals.com\/fr\/\",\"name\":\"FeelFree\",\"description\":\"\",\"potentialAction\":[{\"@type\":\"SearchAction\",\"target\":{\"@type\":\"EntryPoint\",\"urlTemplate\":\"https:\/\/feelfreerentals.com\/fr\/?s={search_term_string}\"},\"query-input\":{\"@type\":\"PropertyValueSpecification\",\"valueRequired\":true,\"valueName\":\"search_term_string\"}}],\"inLanguage\":\"fr-FR\"}]}<\/script>\n<!-- \/ Yoast SEO plugin. -->","yoast_head_json":{"title":"Devenez propri\u00e9taire | FeelFree","description":"Devenez propri\u00e9taire chez FeelFree, l'op\u00e9rateur avec une longue exp\u00e9rience dans la gestion de locations de vacances et saisonni\u00e8res.","robots":{"index":"index","follow":"follow","max-snippet":"max-snippet:-1","max-image-preview":"max-image-preview:large","max-video-preview":"max-video-preview:-1"},"canonical":"https:\/\/feelfreerentals.com\/fr\/devenez-proprietaire\/","og_locale":"fr_FR","og_type":"article","og_title":"Devenez propri\u00e9taire | FeelFree","og_description":"Devenez propri\u00e9taire chez FeelFree, l'op\u00e9rateur avec une longue exp\u00e9rience dans la gestion de locations de vacances et saisonni\u00e8res.","og_url":"https:\/\/feelfreerentals.com\/fr\/devenez-proprietaire\/","og_site_name":"FeelFree","article_modified_time":"2025-04-15T11:46:55+00:00","twitter_card":"summary_large_image","schema":{"@context":"https:\/\/schema.org","@graph":[{"@type":"WebPage","@id":"https:\/\/feelfreerentals.com\/fr\/devenez-proprietaire\/","url":"https:\/\/feelfreerentals.com\/fr\/devenez-proprietaire\/","name":"Devenez propri\u00e9taire | FeelFree","isPartOf":{"@id":"https:\/\/feelfreerentals.com\/fr\/#website"},"datePublished":"2023-09-19T15:11:07+00:00","dateModified":"2025-04-15T11:46:55+00:00","description":"Devenez propri\u00e9taire chez FeelFree, l'op\u00e9rateur avec une longue exp\u00e9rience dans la gestion de locations de vacances et saisonni\u00e8res.","breadcrumb":{"@id":"https:\/\/feelfreerentals.com\/fr\/devenez-proprietaire\/#breadcrumb"},"inLanguage":"fr-FR","potentialAction":[{"@type":"ReadAction","target":["https:\/\/feelfreerentals.com\/fr\/devenez-proprietaire\/"]}]},{"@type":"BreadcrumbList","@id":"https:\/\/feelfreerentals.com\/fr\/devenez-proprietaire\/#breadcrumb","itemListElement":[{"@type":"ListItem","position":1,"name":"Portada","item":"https:\/\/feelfreerentals.com\/fr\/"},{"@type":"ListItem","position":2,"name":"Devenez propri\u00e9taire"}]},{"@type":"WebSite","@id":"https:\/\/feelfreerentals.com\/fr\/#website","url":"https:\/\/feelfreerentals.com\/fr\/","name":"FeelFree","description":"","potentialAction":[{"@type":"SearchAction","target":{"@type":"EntryPoint","urlTemplate":"https:\/\/feelfreerentals.com\/fr\/?s={search_term_string}"},"query-input":{"@type":"PropertyValueSpecification","valueRequired":true,"valueName":"search_term_string"}}],"inLanguage":"fr-FR"}]}},"_links":{"self":[{"href":"https:\/\/feelfreerentals.com\/fr\/wp-json\/wp\/v2\/pages\/918","targetHints":{"allow":["GET"]}}],"collection":[{"href":"https:\/\/feelfreerentals.com\/fr\/wp-json\/wp\/v2\/pages"}],"about":[{"href":"https:\/\/feelfreerentals.com\/fr\/wp-json\/wp\/v2\/types\/page"}],"author":[{"embeddable":true,"href":"https:\/\/feelfreerentals.com\/fr\/wp-json\/wp\/v2\/users\/2"}],"replies":[{"embeddable":true,"href":"https:\/\/feelfreerentals.com\/fr\/wp-json\/wp\/v2\/comments?post=918"}],"version-history":[{"count":7,"href":"https:\/\/feelfreerentals.com\/fr\/wp-json\/wp\/v2\/pages\/918\/revisions"}],"predecessor-version":[{"id":2042,"href":"https:\/\/feelfreerentals.com\/fr\/wp-json\/wp\/v2\/pages\/918\/revisions\/2042"}],"wp:attachment":[{"href":"https:\/\/feelfreerentals.com\/fr\/wp-json\/wp\/v2\/media?parent=918"}],"curies":[{"name":"wp","href":"https:\/\/api.w.org\/{rel}","templated":true}]}}